{"id":114,"date":"2026-03-16T23:30:21","date_gmt":"2026-03-16T22:30:21","guid":{"rendered":"https:\/\/tickitizi.com\/TIZ_Web\/?page_id=114"},"modified":"2026-04-22T11:15:07","modified_gmt":"2026-04-22T09:15:07","slug":"performance","status":"publish","type":"page","link":"https:\/\/tickitizi.com\/TIZ_Web\/performance\/","title":{"rendered":"Augmentez votre performance"},"content":{"rendered":"\n<div class=\"wp-block-group alignfull has-accent-5-background-color has-background has-global-padding is-layout-constrained wp-container-core-group-is-layout-b673cb31 wp-block-group-is-layout-constrained\" style=\"border-top-left-radius:5px;border-top-right-radius:5px;border-bottom-left-radius:5px;border-bottom-right-radius:5px;margin-top:0;margin-bottom:0;padding-top:var(--wp--preset--spacing--30);padding-right:var(--wp--preset--spacing--50);padding-bottom:var(--wp--preset--spacing--30);padding-left:var(--wp--preset--spacing--50)\">\n<div class=\"wp-block-columns alignwide has-base-2-background-color has-background is-layout-flex wp-container-core-columns-is-layout-5c84c3db wp-block-columns-is-layout-flex\" style=\"border-top-left-radius:5px;border-top-right-radius:5px;border-bottom-left-radius:5px;border-bottom-right-radius:5px;margin-top:0;margin-bottom:0\">\n<div class=\"wp-block-column is-vertically-aligned-top is-layout-flow wp-container-core-column-is-layout-119bc444 wp-block-column-is-layout-flow\" style=\"flex-basis:60%\">\n<figure class=\"wp-block-image aligncenter size-large\"><img width=\"1024\" height=\"289\"  alt=\"\" class=\"wp-image-119 lws-optimize-lazyload\"\/ data-src=\"https:\/\/tickitizi.com\/TIZ_Web\/wp-content\/uploads\/2026\/03\/Tiz_ecran_2-1024x289.jpg\" srcset=\"https:\/\/tickitizi.com\/TIZ_Web\/wp-content\/uploads\/2026\/03\/Tiz_ecran_2-1024x289.jpg 1024w, https:\/\/tickitizi.com\/TIZ_Web\/wp-content\/uploads\/2026\/03\/Tiz_ecran_2-300x85.jpg 300w, https:\/\/tickitizi.com\/TIZ_Web\/wp-content\/uploads\/2026\/03\/Tiz_ecran_2-768x217.jpg 768w, https:\/\/tickitizi.com\/TIZ_Web\/wp-content\/uploads\/2026\/03\/Tiz_ecran_2.jpg 1280w\" sizes=\"(max-width: 1024px) 100vw, 1024px\" \/><\/figure>\n<\/div>\n\n\n\n<div class=\"wp-block-column is-layout-flow wp-block-column-is-layout-flow\">\n<p><em>\u00ab\u00a0J&rsquo;ai fais le suivi en ligne des commandes, des ventes, du breakeven \u00ab\u00a0<\/em><\/p>\n\n\n\n<p><em>\u00ab\u00a0J&rsquo;ai adapt\u00e9 les actions commerciales gr\u00e2ce au balises de contr\u00f4le\u00a0\u00bb<\/em><\/p>\n<\/div>\n<\/div>\n<\/div>\n\n\n\n<div class=\"wp-block-group alignfull has-accent-5-background-color has-background has-global-padding is-layout-constrained wp-container-core-group-is-layout-d370ae88 wp-block-group-is-layout-constrained\" style=\"margin-top:0;margin-bottom:0;padding-top:var(--wp--preset--spacing--50);padding-right:var(--wp--preset--spacing--50);padding-bottom:var(--wp--preset--spacing--50);padding-left:var(--wp--preset--spacing--50)\">\n<div class=\"wp-block-columns alignwide has-background is-layout-flex wp-container-core-columns-is-layout-549b0c86 wp-block-columns-is-layout-flex\" style=\"border-top-left-radius:5px;border-top-right-radius:5px;border-bottom-left-radius:5px;border-bottom-right-radius:5px;background-color:#c4fbc4\">\n<div class=\"wp-block-column is-layout-flow wp-container-core-column-is-layout-119bc444 wp-block-column-is-layout-flow\" style=\"flex-basis:60%\">\n<p class=\"has-heading-font-family has-x-large-font-size\" style=\"line-height:1.2\">Suivi commercial<\/p>\n<\/div>\n\n\n\n<div class=\"wp-block-column is-layout-flow wp-block-column-is-layout-flow\">\n<ul class=\"wp-block-list\">\n<li>Analyse en ligne des ventes<\/li>\n<\/ul>\n\n\n\n<ul class=\"wp-block-list\">\n<li>Analyse Break Even <\/li>\n<\/ul>\n\n\n\n<ul class=\"wp-block-list\">\n<li>Suivi en ligne pour \u00e9quipes commerciales <\/li>\n<\/ul>\n<\/div>\n<\/div>\n\n\n\n<div style=\"height:44px\" aria-hidden=\"true\" class=\"wp-block-spacer\"><\/div>\n\n\n\n<div class=\"wp-block-columns alignwide has-background is-layout-flex wp-container-core-columns-is-layout-549b0c86 wp-block-columns-is-layout-flex\" style=\"border-top-left-radius:5px;border-top-right-radius:5px;border-bottom-left-radius:5px;border-bottom-right-radius:5px;background-color:#cbfafa\">\n<div class=\"wp-block-column is-layout-flow wp-container-core-column-is-layout-119bc444 wp-block-column-is-layout-flow\" style=\"flex-basis:60%\">\n<p class=\"has-heading-font-family has-x-large-font-size\" style=\"line-height:1.2\">Gestion de KPI<\/p>\n<\/div>\n\n\n\n<div class=\"wp-block-column is-layout-flow wp-block-column-is-layout-flow\">\n<ul class=\"wp-block-list\">\n<li>Suivi de param\u00e8tres cl\u00e9s (Key Performance Indicator)<\/li>\n<\/ul>\n\n\n\n<ul class=\"wp-block-list\">\n<li>Fixation \/ Suivi d&rsquo;objectifs quantitatifs et financiers<\/li>\n<\/ul>\n\n\n\n<ul class=\"wp-block-list\">\n<li>Analyser \/ Monitorer les effets des actions Marketing<\/li>\n<\/ul>\n<\/div>\n<\/div>\n\n\n\n<div style=\"height:49px\" aria-hidden=\"true\" class=\"wp-block-spacer\"><\/div>\n\n\n\n<div class=\"wp-block-columns alignwide has-background is-layout-flex wp-container-core-columns-is-layout-549b0c86 wp-block-columns-is-layout-flex\" style=\"border-top-left-radius:5px;border-top-right-radius:5px;border-bottom-left-radius:5px;border-bottom-right-radius:5px;background-color:#f3d2e2\">\n<div class=\"wp-block-column is-layout-flow wp-container-core-column-is-layout-119bc444 wp-block-column-is-layout-flow\" style=\"flex-basis:60%\">\n<p class=\"has-heading-font-family has-x-large-font-size\" style=\"line-height:1.2\">Gestion des clients<\/p>\n<\/div>\n\n\n\n<div class=\"wp-block-column is-layout-flow wp-block-column-is-layout-flow\">\n<ul class=\"wp-block-list\">\n<li>Suivi des canaux de communication : Web \/ WhatsApp \/ Affiches etc.<\/li>\n<\/ul>\n\n\n\n<ul class=\"wp-block-list\">\n<li>G\u00e9olocalisation des clients<\/li>\n<\/ul>\n\n\n\n<ul class=\"wp-block-list\">\n<li>Export des donn\u00e9es clients pour mailing<\/li>\n<\/ul>\n<\/div>\n<\/div>\n\n\n\n<div style=\"height:55px\" aria-hidden=\"true\" class=\"wp-block-spacer\"><\/div>\n\n\n\n<div class=\"wp-block-columns alignwide has-background is-layout-flex wp-container-core-columns-is-layout-549b0c86 wp-block-columns-is-layout-flex\" style=\"border-top-left-radius:5px;border-top-right-radius:5px;border-bottom-left-radius:5px;border-bottom-right-radius:5px;background-color:#f3f3ea\">\n<div class=\"wp-block-column is-layout-flow wp-container-core-column-is-layout-119bc444 wp-block-column-is-layout-flow\" style=\"flex-basis:60%\">\n<p class=\"has-heading-font-family has-x-large-font-size\" style=\"line-height:1.2\">IziAccess : scanning<\/p>\n<\/div>\n\n\n\n<div class=\"wp-block-column is-layout-flow wp-block-column-is-layout-flow\">\n<ul class=\"wp-block-list\">\n<li>Application sur Android<\/li>\n<\/ul>\n\n\n\n<ul class=\"wp-block-list\">\n<li>Scanning en ligne, multipoints<\/li>\n<\/ul>\n\n\n\n<ul class=\"wp-block-list\">\n<li>V\u00e9rification des paiements<\/li>\n<\/ul>\n\n\n\n<ul class=\"wp-block-list\">\n<li>Anti Pass Back<\/li>\n<\/ul>\n<\/div>\n<\/div>\n<\/div>\n","protected":false},"excerpt":{"rendered":"<p>\u00ab\u00a0J&rsquo;ai fais le suivi en ligne des commandes, des ventes, du breakeven \u00ab\u00a0 \u00ab\u00a0J&rsquo;ai adapt\u00e9 les actions commerciales gr\u00e2ce au balises de contr\u00f4le\u00a0\u00bb Suivi commercial Gestion de KPI Gestion des clients IziAccess : scanning<\/p>\n","protected":false},"author":1,"featured_media":0,"parent":0,"menu_order":0,"comment_status":"closed","ping_status":"closed","template":"","meta":{"footnotes":""},"class_list":["post-114","page","type-page","status-publish","hentry"],"yoast_head":"<!-- This site is optimized with the Yoast SEO plugin v27.6 - https:\/\/yoast.com\/product\/yoast-seo-wordpress\/ -->\n<title>Augmentez votre performance - TickitIzi.com<\/title>\n<meta name=\"robots\" content=\"index, follow, max-snippet:-1, max-image-preview:large, max-video-preview:-1\" \/>\n<link rel=\"canonical\" href=\"https:\/\/tickitizi.com\/TIZ_Web\/performance\/\" \/>\n<meta property=\"og:locale\" content=\"fr_FR\" \/>\n<meta property=\"og:type\" content=\"article\" \/>\n<meta property=\"og:title\" content=\"Augmentez votre performance - TickitIzi.com\" \/>\n<meta property=\"og:description\" content=\"\u00ab\u00a0J&rsquo;ai fais le suivi en ligne des commandes, des ventes, du breakeven \u00ab\u00a0 \u00ab\u00a0J&rsquo;ai adapt\u00e9 les actions commerciales gr\u00e2ce au balises de contr\u00f4le\u00a0\u00bb Suivi commercial Gestion de KPI Gestion des clients IziAccess : scanning\" \/>\n<meta property=\"og:url\" content=\"https:\/\/tickitizi.com\/TIZ_Web\/performance\/\" \/>\n<meta property=\"og:site_name\" content=\"TickitIzi.com\" \/>\n<meta property=\"article:modified_time\" content=\"2026-04-22T09:15:07+00:00\" \/>\n<meta property=\"og:image\" content=\"https:\/\/tickitizi.com\/TIZ_Web\/wp-content\/uploads\/2026\/03\/Tiz_ecran_2.jpg\" \/>\n\t<meta property=\"og:image:width\" content=\"1280\" \/>\n\t<meta property=\"og:image:height\" content=\"361\" \/>\n\t<meta property=\"og:image:type\" content=\"image\/jpeg\" \/>\n<meta name=\"twitter:card\" content=\"summary_large_image\" \/>\n<meta name=\"twitter:label1\" content=\"Dur\u00e9e de lecture estim\u00e9e\" \/>\n\t<meta name=\"twitter:data1\" content=\"1 minute\" \/>\n<script type=\"application\/ld+json\" class=\"yoast-schema-graph\">{\"@context\":\"https:\\\/\\\/schema.org\",\"@graph\":[{\"@type\":\"WebPage\",\"@id\":\"https:\\\/\\\/tickitizi.com\\\/TIZ_Web\\\/performance\\\/\",\"url\":\"https:\\\/\\\/tickitizi.com\\\/TIZ_Web\\\/performance\\\/\",\"name\":\"Augmentez votre performance - TickitIzi.com\",\"isPartOf\":{\"@id\":\"https:\\\/\\\/tickitizi.com\\\/TIZ_Web\\\/#website\"},\"primaryImageOfPage\":{\"@id\":\"https:\\\/\\\/tickitizi.com\\\/TIZ_Web\\\/performance\\\/#primaryimage\"},\"image\":{\"@id\":\"https:\\\/\\\/tickitizi.com\\\/TIZ_Web\\\/performance\\\/#primaryimage\"},\"thumbnailUrl\":\"https:\\\/\\\/tickitizi.com\\\/TIZ_Web\\\/wp-content\\\/uploads\\\/2026\\\/03\\\/Tiz_ecran_2-1024x289.jpg\",\"datePublished\":\"2026-03-16T22:30:21+00:00\",\"dateModified\":\"2026-04-22T09:15:07+00:00\",\"breadcrumb\":{\"@id\":\"https:\\\/\\\/tickitizi.com\\\/TIZ_Web\\\/performance\\\/#breadcrumb\"},\"inLanguage\":\"fr-FR\",\"potentialAction\":[{\"@type\":\"ReadAction\",\"target\":[\"https:\\\/\\\/tickitizi.com\\\/TIZ_Web\\\/performance\\\/\"]}]},{\"@type\":\"ImageObject\",\"inLanguage\":\"fr-FR\",\"@id\":\"https:\\\/\\\/tickitizi.com\\\/TIZ_Web\\\/performance\\\/#primaryimage\",\"url\":\"https:\\\/\\\/tickitizi.com\\\/TIZ_Web\\\/wp-content\\\/uploads\\\/2026\\\/03\\\/Tiz_ecran_2.jpg\",\"contentUrl\":\"https:\\\/\\\/tickitizi.com\\\/TIZ_Web\\\/wp-content\\\/uploads\\\/2026\\\/03\\\/Tiz_ecran_2.jpg\",\"width\":1280,\"height\":361},{\"@type\":\"BreadcrumbList\",\"@id\":\"https:\\\/\\\/tickitizi.com\\\/TIZ_Web\\\/performance\\\/#breadcrumb\",\"itemListElement\":[{\"@type\":\"ListItem\",\"position\":1,\"name\":\"Home\",\"item\":\"https:\\\/\\\/tickitizi.com\\\/TIZ_Web\\\/\"},{\"@type\":\"ListItem\",\"position\":2,\"name\":\"Augmentez votre performance\"}]},{\"@type\":\"WebSite\",\"@id\":\"https:\\\/\\\/tickitizi.com\\\/TIZ_Web\\\/#website\",\"url\":\"https:\\\/\\\/tickitizi.com\\\/TIZ_Web\\\/\",\"name\":\"TickitIzi.com\",\"description\":\"Billeterie pour tous\",\"publisher\":{\"@id\":\"https:\\\/\\\/tickitizi.com\\\/TIZ_Web\\\/#organization\"},\"potentialAction\":[{\"@type\":\"SearchAction\",\"target\":{\"@type\":\"EntryPoint\",\"urlTemplate\":\"https:\\\/\\\/tickitizi.com\\\/TIZ_Web\\\/?s={search_term_string}\"},\"query-input\":{\"@type\":\"PropertyValueSpecification\",\"valueRequired\":true,\"valueName\":\"search_term_string\"}}],\"inLanguage\":\"fr-FR\"},{\"@type\":\"Organization\",\"@id\":\"https:\\\/\\\/tickitizi.com\\\/TIZ_Web\\\/#organization\",\"name\":\"TickitIzi.com\",\"url\":\"https:\\\/\\\/tickitizi.com\\\/TIZ_Web\\\/\",\"logo\":{\"@type\":\"ImageObject\",\"inLanguage\":\"fr-FR\",\"@id\":\"https:\\\/\\\/tickitizi.com\\\/TIZ_Web\\\/#\\\/schema\\\/logo\\\/image\\\/\",\"url\":\"https:\\\/\\\/tickitizi.com\\\/TIZ_Web\\\/wp-content\\\/uploads\\\/2026\\\/03\\\/cropped-hd-512px-favico-tickitizi-180x180-1.png\",\"contentUrl\":\"https:\\\/\\\/tickitizi.com\\\/TIZ_Web\\\/wp-content\\\/uploads\\\/2026\\\/03\\\/cropped-hd-512px-favico-tickitizi-180x180-1.png\",\"width\":180,\"height\":180,\"caption\":\"TickitIzi.com\"},\"image\":{\"@id\":\"https:\\\/\\\/tickitizi.com\\\/TIZ_Web\\\/#\\\/schema\\\/logo\\\/image\\\/\"}}]}<\/script>\n<!-- \/ Yoast SEO plugin. -->","yoast_head_json":{"title":"Augmentez votre performance - TickitIzi.com","robots":{"index":"index","follow":"follow","max-snippet":"max-snippet:-1","max-image-preview":"max-image-preview:large","max-video-preview":"max-video-preview:-1"},"canonical":"https:\/\/tickitizi.com\/TIZ_Web\/performance\/","og_locale":"fr_FR","og_type":"article","og_title":"Augmentez votre performance - TickitIzi.com","og_description":"\u00ab\u00a0J&rsquo;ai fais le suivi en ligne des commandes, des ventes, du breakeven \u00ab\u00a0 \u00ab\u00a0J&rsquo;ai adapt\u00e9 les actions commerciales gr\u00e2ce au balises de contr\u00f4le\u00a0\u00bb Suivi commercial Gestion de KPI Gestion des clients IziAccess : scanning","og_url":"https:\/\/tickitizi.com\/TIZ_Web\/performance\/","og_site_name":"TickitIzi.com","article_modified_time":"2026-04-22T09:15:07+00:00","og_image":[{"width":1280,"height":361,"url":"https:\/\/tickitizi.com\/TIZ_Web\/wp-content\/uploads\/2026\/03\/Tiz_ecran_2.jpg","type":"image\/jpeg"}],"twitter_card":"summary_large_image","twitter_misc":{"Dur\u00e9e de lecture estim\u00e9e":"1 minute"},"schema":{"@context":"https:\/\/schema.org","@graph":[{"@type":"WebPage","@id":"https:\/\/tickitizi.com\/TIZ_Web\/performance\/","url":"https:\/\/tickitizi.com\/TIZ_Web\/performance\/","name":"Augmentez votre performance - TickitIzi.com","isPartOf":{"@id":"https:\/\/tickitizi.com\/TIZ_Web\/#website"},"primaryImageOfPage":{"@id":"https:\/\/tickitizi.com\/TIZ_Web\/performance\/#primaryimage"},"image":{"@id":"https:\/\/tickitizi.com\/TIZ_Web\/performance\/#primaryimage"},"thumbnailUrl":"https:\/\/tickitizi.com\/TIZ_Web\/wp-content\/uploads\/2026\/03\/Tiz_ecran_2-1024x289.jpg","datePublished":"2026-03-16T22:30:21+00:00","dateModified":"2026-04-22T09:15:07+00:00","breadcrumb":{"@id":"https:\/\/tickitizi.com\/TIZ_Web\/performance\/#breadcrumb"},"inLanguage":"fr-FR","potentialAction":[{"@type":"ReadAction","target":["https:\/\/tickitizi.com\/TIZ_Web\/performance\/"]}]},{"@type":"ImageObject","inLanguage":"fr-FR","@id":"https:\/\/tickitizi.com\/TIZ_Web\/performance\/#primaryimage","url":"https:\/\/tickitizi.com\/TIZ_Web\/wp-content\/uploads\/2026\/03\/Tiz_ecran_2.jpg","contentUrl":"https:\/\/tickitizi.com\/TIZ_Web\/wp-content\/uploads\/2026\/03\/Tiz_ecran_2.jpg","width":1280,"height":361},{"@type":"BreadcrumbList","@id":"https:\/\/tickitizi.com\/TIZ_Web\/performance\/#breadcrumb","itemListElement":[{"@type":"ListItem","position":1,"name":"Home","item":"https:\/\/tickitizi.com\/TIZ_Web\/"},{"@type":"ListItem","position":2,"name":"Augmentez votre performance"}]},{"@type":"WebSite","@id":"https:\/\/tickitizi.com\/TIZ_Web\/#website","url":"https:\/\/tickitizi.com\/TIZ_Web\/","name":"TickitIzi.com","description":"Billeterie pour tous","publisher":{"@id":"https:\/\/tickitizi.com\/TIZ_Web\/#organization"},"potentialAction":[{"@type":"SearchAction","target":{"@type":"EntryPoint","urlTemplate":"https:\/\/tickitizi.com\/TIZ_Web\/?s={search_term_string}"},"query-input":{"@type":"PropertyValueSpecification","valueRequired":true,"valueName":"search_term_string"}}],"inLanguage":"fr-FR"},{"@type":"Organization","@id":"https:\/\/tickitizi.com\/TIZ_Web\/#organization","name":"TickitIzi.com","url":"https:\/\/tickitizi.com\/TIZ_Web\/","logo":{"@type":"ImageObject","inLanguage":"fr-FR","@id":"https:\/\/tickitizi.com\/TIZ_Web\/#\/schema\/logo\/image\/","url":"https:\/\/tickitizi.com\/TIZ_Web\/wp-content\/uploads\/2026\/03\/cropped-hd-512px-favico-tickitizi-180x180-1.png","contentUrl":"https:\/\/tickitizi.com\/TIZ_Web\/wp-content\/uploads\/2026\/03\/cropped-hd-512px-favico-tickitizi-180x180-1.png","width":180,"height":180,"caption":"TickitIzi.com"},"image":{"@id":"https:\/\/tickitizi.com\/TIZ_Web\/#\/schema\/logo\/image\/"}}]}},"_links":{"self":[{"href":"https:\/\/tickitizi.com\/TIZ_Web\/wp-json\/wp\/v2\/pages\/114","targetHints":{"allow":["GET"]}}],"collection":[{"href":"https:\/\/tickitizi.com\/TIZ_Web\/wp-json\/wp\/v2\/pages"}],"about":[{"href":"https:\/\/tickitizi.com\/TIZ_Web\/wp-json\/wp\/v2\/types\/page"}],"author":[{"embeddable":true,"href":"https:\/\/tickitizi.com\/TIZ_Web\/wp-json\/wp\/v2\/users\/1"}],"replies":[{"embeddable":true,"href":"https:\/\/tickitizi.com\/TIZ_Web\/wp-json\/wp\/v2\/comments?post=114"}],"version-history":[{"count":11,"href":"https:\/\/tickitizi.com\/TIZ_Web\/wp-json\/wp\/v2\/pages\/114\/revisions"}],"predecessor-version":[{"id":215,"href":"https:\/\/tickitizi.com\/TIZ_Web\/wp-json\/wp\/v2\/pages\/114\/revisions\/215"}],"wp:attachment":[{"href":"https:\/\/tickitizi.com\/TIZ_Web\/wp-json\/wp\/v2\/media?parent=114"}],"curies":[{"name":"wp","href":"https:\/\/api.w.org\/{rel}","templated":true}]}}