{"id":121,"date":"2026-03-16T23:37:08","date_gmt":"2026-03-16T22:37:08","guid":{"rendered":"https:\/\/tickitizi.com\/TIZ_Web\/?page_id=121"},"modified":"2026-03-26T15:25:30","modified_gmt":"2026-03-26T14:25:30","slug":"augmentez-la-rentabilite","status":"publish","type":"page","link":"https:\/\/tickitizi.com\/TIZ_Web\/augmentez-la-rentabilite\/","title":{"rendered":"Augmentez la rentabilit\u00e9"},"content":{"rendered":"\n<div class=\"wp-block-group alignfull has-accent-5-background-color has-background has-global-padding is-layout-constrained wp-container-core-group-is-layout-b673cb31 wp-block-group-is-layout-constrained\" style=\"margin-top:0;margin-bottom:0;padding-top:var(--wp--preset--spacing--30);padding-right:var(--wp--preset--spacing--50);padding-bottom:var(--wp--preset--spacing--30);padding-left:var(--wp--preset--spacing--50)\">\n<div class=\"wp-block-columns alignwide are-vertically-aligned-center has-base-2-background-color has-background is-layout-flex wp-container-core-columns-is-layout-9e5fed7c wp-block-columns-is-layout-flex\" style=\"border-top-left-radius:5px;border-top-right-radius:5px;border-bottom-left-radius:5px;border-bottom-right-radius:5px;padding-top:var(--wp--preset--spacing--10);padding-bottom:var(--wp--preset--spacing--10)\">\n<div class=\"wp-block-column is-vertically-aligned-center is-layout-flow wp-container-core-column-is-layout-119bc444 wp-block-column-is-layout-flow\" style=\"flex-basis:40%\">\n<figure class=\"wp-block-image size-full has-custom-border\"><img width=\"432\" height=\"244\"  alt=\"\" class=\"wp-image-129 lws-optimize-lazyload\" style=\"border-top-left-radius:5px;border-top-right-radius:5px;border-bottom-left-radius:5px;border-bottom-right-radius:5px\"\/ data-src=\"https:\/\/tickitizi.com\/TIZ_Web\/wp-content\/uploads\/2026\/03\/Tiz_ecran_3-1.png\" srcset=\"https:\/\/tickitizi.com\/TIZ_Web\/wp-content\/uploads\/2026\/03\/Tiz_ecran_3-1.png 432w, https:\/\/tickitizi.com\/TIZ_Web\/wp-content\/uploads\/2026\/03\/Tiz_ecran_3-1-300x169.png 300w\" sizes=\"(max-width: 432px) 100vw, 432px\" \/><\/figure>\n<\/div>\n\n\n\n<div class=\"wp-block-column is-vertically-aligned-center is-layout-flow wp-block-column-is-layout-flow\">\n<p><em>\u00ab\u00a0Il est \u00e9tonnant de constater que les clients arriodissent le montant de leur commande. Gr\u00e2ce \u00e0 TickitIzi, notre association a r\u00e9colt\u00e9 plus de 250 \u20ac &#8230;\u00a0\u00bb<\/em><\/p>\n\n\n\n<p><em>\u00ab\u00a0TickitIzi m&rsquo;a permis de contacter des sponsors, petits et moyens, ce qui nous a rapport\u00e9 plus de 1.000 \u20ac.\u00a0\u00bb <\/em><\/p>\n<\/div>\n<\/div>\n<\/div>\n\n\n\n<div class=\"wp-block-group alignfull has-accent-5-background-color has-background has-global-padding is-layout-constrained wp-container-core-group-is-layout-d89aad35 wp-block-group-is-layout-constrained\" style=\"margin-top:0;margin-bottom:0;padding-top:var(--wp--preset--spacing--50);padding-right:var(--wp--preset--spacing--50);padding-bottom:var(--wp--preset--spacing--50);padding-left:var(--wp--preset--spacing--50)\">\n<div class=\"wp-block-columns alignwide has-background is-layout-flex wp-container-core-columns-is-layout-549b0c86 wp-block-columns-is-layout-flex\" style=\"border-top-left-radius:5px;border-top-right-radius:5px;border-bottom-left-radius:5px;border-bottom-right-radius:5px;background-color:#eeeae1\">\n<div class=\"wp-block-column is-layout-flow wp-container-core-column-is-layout-119bc444 wp-block-column-is-layout-flow\" style=\"flex-basis:60%\">\n<p class=\"has-heading-font-family has-x-large-font-size\" style=\"line-height:1.2\">IziGift<\/p>\n<\/div>\n\n\n\n<div class=\"wp-block-column is-layout-flow wp-block-column-is-layout-flow\">\n<ul class=\"wp-block-list\">\n<li>Collecte de mini dons  (  &lt; 40 \u20ac )<\/li>\n<\/ul>\n\n\n\n<ul class=\"wp-block-list\">\n<li>Sans attestation fiscale<\/li>\n<\/ul>\n<\/div>\n<\/div>\n\n\n\n<div style=\"height:49px\" aria-hidden=\"true\" class=\"wp-block-spacer\"><\/div>\n\n\n\n<div class=\"wp-block-columns alignwide has-background is-layout-flex wp-container-core-columns-is-layout-549b0c86 wp-block-columns-is-layout-flex\" style=\"border-top-left-radius:5px;border-top-right-radius:5px;border-bottom-left-radius:5px;border-bottom-right-radius:5px;background-color:#d2e2f0\">\n<div class=\"wp-block-column is-layout-flow wp-container-core-column-is-layout-119bc444 wp-block-column-is-layout-flow\" style=\"flex-basis:60%\">\n<p class=\"has-heading-font-family has-x-large-font-size\" style=\"line-height:1.2\">IziSponsor<\/p>\n<\/div>\n\n\n\n<div class=\"wp-block-column is-layout-flow wp-block-column-is-layout-flow\">\n<ul class=\"wp-block-list\">\n<li>Pr\u00e9sentation logos de sponsors<\/li>\n<\/ul>\n\n\n\n<ul class=\"wp-block-list\">\n<li>Sur \u00e9crans de prise de commande<\/li>\n<\/ul>\n\n\n\n<ul class=\"wp-block-list\">\n<li>Sur tickets<\/li>\n<\/ul>\n<\/div>\n<\/div>\n\n\n\n<div style=\"height:49px\" aria-hidden=\"true\" class=\"wp-block-spacer\"><\/div>\n\n\n\n<div class=\"wp-block-columns alignwide has-background is-layout-flex wp-container-core-columns-is-layout-549b0c86 wp-block-columns-is-layout-flex\" style=\"border-top-left-radius:5px;border-top-right-radius:5px;border-bottom-left-radius:5px;border-bottom-right-radius:5px;background-color:#e6f4d5\">\n<div class=\"wp-block-column is-layout-flow wp-container-core-column-is-layout-119bc444 wp-block-column-is-layout-flow\" style=\"flex-basis:60%\">\n<p class=\"has-heading-font-family has-x-large-font-size\" style=\"line-height:1.2\">IziTombola<\/p>\n<\/div>\n\n\n\n<div class=\"wp-block-column is-layout-flow wp-block-column-is-layout-flow\">\n<ul class=\"wp-block-list\">\n<li>Vente de tickets de tombola<\/li>\n<\/ul>\n<\/div>\n<\/div>\n<\/div>\n","protected":false},"excerpt":{"rendered":"<p>\u00ab\u00a0Il est \u00e9tonnant de constater que les clients arriodissent le montant de leur commande. Gr\u00e2ce \u00e0 TickitIzi, notre association a r\u00e9colt\u00e9 plus de 250 \u20ac &#8230;\u00a0\u00bb \u00ab\u00a0TickitIzi m&rsquo;a permis de contacter des sponsors, petits et moyens, ce qui nous a rapport\u00e9 plus de 1.000 \u20ac.\u00a0\u00bb IziGift IziSponsor IziTombola<\/p>\n","protected":false},"author":1,"featured_media":0,"parent":0,"menu_order":0,"comment_status":"closed","ping_status":"closed","template":"","meta":{"footnotes":""},"class_list":["post-121","page","type-page","status-publish","hentry"],"yoast_head":"<!-- This site is optimized with the Yoast SEO plugin v27.6 - https:\/\/yoast.com\/product\/yoast-seo-wordpress\/ -->\n<title>Augmentez la rentabilit\u00e9 - TickitIzi.com<\/title>\n<meta name=\"robots\" content=\"index, follow, max-snippet:-1, max-image-preview:large, max-video-preview:-1\" \/>\n<link rel=\"canonical\" href=\"https:\/\/tickitizi.com\/TIZ_Web\/augmentez-la-rentabilite\/\" \/>\n<meta property=\"og:locale\" content=\"fr_FR\" \/>\n<meta property=\"og:type\" content=\"article\" \/>\n<meta property=\"og:title\" content=\"Augmentez la rentabilit\u00e9 - TickitIzi.com\" \/>\n<meta property=\"og:description\" content=\"\u00ab\u00a0Il est \u00e9tonnant de constater que les clients arriodissent le montant de leur commande. Gr\u00e2ce \u00e0 TickitIzi, notre association a r\u00e9colt\u00e9 plus de 250 \u20ac &#8230;\u00a0\u00bb \u00ab\u00a0TickitIzi m&rsquo;a permis de contacter des sponsors, petits et moyens, ce qui nous a rapport\u00e9 plus de 1.000 \u20ac.\u00a0\u00bb IziGift IziSponsor IziTombola\" \/>\n<meta property=\"og:url\" content=\"https:\/\/tickitizi.com\/TIZ_Web\/augmentez-la-rentabilite\/\" \/>\n<meta property=\"og:site_name\" content=\"TickitIzi.com\" \/>\n<meta property=\"article:modified_time\" content=\"2026-03-26T14:25:30+00:00\" \/>\n<meta property=\"og:image\" content=\"https:\/\/tickitizi.com\/TIZ_Web\/wp-content\/uploads\/2026\/03\/Tiz_ecran_3-1.png\" \/>\n\t<meta property=\"og:image:width\" content=\"432\" \/>\n\t<meta property=\"og:image:height\" content=\"244\" \/>\n\t<meta property=\"og:image:type\" content=\"image\/png\" \/>\n<meta name=\"twitter:card\" content=\"summary_large_image\" \/>\n<meta name=\"twitter:label1\" content=\"Dur\u00e9e de lecture estim\u00e9e\" \/>\n\t<meta name=\"twitter:data1\" content=\"1 minute\" \/>\n<script type=\"application\/ld+json\" class=\"yoast-schema-graph\">{\"@context\":\"https:\\\/\\\/schema.org\",\"@graph\":[{\"@type\":\"WebPage\",\"@id\":\"https:\\\/\\\/tickitizi.com\\\/TIZ_Web\\\/augmentez-la-rentabilite\\\/\",\"url\":\"https:\\\/\\\/tickitizi.com\\\/TIZ_Web\\\/augmentez-la-rentabilite\\\/\",\"name\":\"Augmentez la rentabilit\u00e9 - TickitIzi.com\",\"isPartOf\":{\"@id\":\"https:\\\/\\\/tickitizi.com\\\/TIZ_Web\\\/#website\"},\"primaryImageOfPage\":{\"@id\":\"https:\\\/\\\/tickitizi.com\\\/TIZ_Web\\\/augmentez-la-rentabilite\\\/#primaryimage\"},\"image\":{\"@id\":\"https:\\\/\\\/tickitizi.com\\\/TIZ_Web\\\/augmentez-la-rentabilite\\\/#primaryimage\"},\"thumbnailUrl\":\"https:\\\/\\\/tickitizi.com\\\/TIZ_Web\\\/wp-content\\\/uploads\\\/2026\\\/03\\\/Tiz_ecran_3-1.png\",\"datePublished\":\"2026-03-16T22:37:08+00:00\",\"dateModified\":\"2026-03-26T14:25:30+00:00\",\"breadcrumb\":{\"@id\":\"https:\\\/\\\/tickitizi.com\\\/TIZ_Web\\\/augmentez-la-rentabilite\\\/#breadcrumb\"},\"inLanguage\":\"fr-FR\",\"potentialAction\":[{\"@type\":\"ReadAction\",\"target\":[\"https:\\\/\\\/tickitizi.com\\\/TIZ_Web\\\/augmentez-la-rentabilite\\\/\"]}]},{\"@type\":\"ImageObject\",\"inLanguage\":\"fr-FR\",\"@id\":\"https:\\\/\\\/tickitizi.com\\\/TIZ_Web\\\/augmentez-la-rentabilite\\\/#primaryimage\",\"url\":\"https:\\\/\\\/tickitizi.com\\\/TIZ_Web\\\/wp-content\\\/uploads\\\/2026\\\/03\\\/Tiz_ecran_3-1.png\",\"contentUrl\":\"https:\\\/\\\/tickitizi.com\\\/TIZ_Web\\\/wp-content\\\/uploads\\\/2026\\\/03\\\/Tiz_ecran_3-1.png\",\"width\":432,\"height\":244},{\"@type\":\"BreadcrumbList\",\"@id\":\"https:\\\/\\\/tickitizi.com\\\/TIZ_Web\\\/augmentez-la-rentabilite\\\/#breadcrumb\",\"itemListElement\":[{\"@type\":\"ListItem\",\"position\":1,\"name\":\"Home\",\"item\":\"https:\\\/\\\/tickitizi.com\\\/TIZ_Web\\\/\"},{\"@type\":\"ListItem\",\"position\":2,\"name\":\"Augmentez la rentabilit\u00e9\"}]},{\"@type\":\"WebSite\",\"@id\":\"https:\\\/\\\/tickitizi.com\\\/TIZ_Web\\\/#website\",\"url\":\"https:\\\/\\\/tickitizi.com\\\/TIZ_Web\\\/\",\"name\":\"TickitIzi.com\",\"description\":\"Billeterie pour tous\",\"publisher\":{\"@id\":\"https:\\\/\\\/tickitizi.com\\\/TIZ_Web\\\/#organization\"},\"potentialAction\":[{\"@type\":\"SearchAction\",\"target\":{\"@type\":\"EntryPoint\",\"urlTemplate\":\"https:\\\/\\\/tickitizi.com\\\/TIZ_Web\\\/?s={search_term_string}\"},\"query-input\":{\"@type\":\"PropertyValueSpecification\",\"valueRequired\":true,\"valueName\":\"search_term_string\"}}],\"inLanguage\":\"fr-FR\"},{\"@type\":\"Organization\",\"@id\":\"https:\\\/\\\/tickitizi.com\\\/TIZ_Web\\\/#organization\",\"name\":\"TickitIzi.com\",\"url\":\"https:\\\/\\\/tickitizi.com\\\/TIZ_Web\\\/\",\"logo\":{\"@type\":\"ImageObject\",\"inLanguage\":\"fr-FR\",\"@id\":\"https:\\\/\\\/tickitizi.com\\\/TIZ_Web\\\/#\\\/schema\\\/logo\\\/image\\\/\",\"url\":\"https:\\\/\\\/tickitizi.com\\\/TIZ_Web\\\/wp-content\\\/uploads\\\/2026\\\/03\\\/cropped-hd-512px-favico-tickitizi-180x180-1.png\",\"contentUrl\":\"https:\\\/\\\/tickitizi.com\\\/TIZ_Web\\\/wp-content\\\/uploads\\\/2026\\\/03\\\/cropped-hd-512px-favico-tickitizi-180x180-1.png\",\"width\":180,\"height\":180,\"caption\":\"TickitIzi.com\"},\"image\":{\"@id\":\"https:\\\/\\\/tickitizi.com\\\/TIZ_Web\\\/#\\\/schema\\\/logo\\\/image\\\/\"}}]}<\/script>\n<!-- \/ Yoast SEO plugin. -->","yoast_head_json":{"title":"Augmentez la rentabilit\u00e9 - TickitIzi.com","robots":{"index":"index","follow":"follow","max-snippet":"max-snippet:-1","max-image-preview":"max-image-preview:large","max-video-preview":"max-video-preview:-1"},"canonical":"https:\/\/tickitizi.com\/TIZ_Web\/augmentez-la-rentabilite\/","og_locale":"fr_FR","og_type":"article","og_title":"Augmentez la rentabilit\u00e9 - TickitIzi.com","og_description":"\u00ab\u00a0Il est \u00e9tonnant de constater que les clients arriodissent le montant de leur commande. Gr\u00e2ce \u00e0 TickitIzi, notre association a r\u00e9colt\u00e9 plus de 250 \u20ac &#8230;\u00a0\u00bb \u00ab\u00a0TickitIzi m&rsquo;a permis de contacter des sponsors, petits et moyens, ce qui nous a rapport\u00e9 plus de 1.000 \u20ac.\u00a0\u00bb IziGift IziSponsor IziTombola","og_url":"https:\/\/tickitizi.com\/TIZ_Web\/augmentez-la-rentabilite\/","og_site_name":"TickitIzi.com","article_modified_time":"2026-03-26T14:25:30+00:00","og_image":[{"width":432,"height":244,"url":"https:\/\/tickitizi.com\/TIZ_Web\/wp-content\/uploads\/2026\/03\/Tiz_ecran_3-1.png","type":"image\/png"}],"twitter_card":"summary_large_image","twitter_misc":{"Dur\u00e9e de lecture estim\u00e9e":"1 minute"},"schema":{"@context":"https:\/\/schema.org","@graph":[{"@type":"WebPage","@id":"https:\/\/tickitizi.com\/TIZ_Web\/augmentez-la-rentabilite\/","url":"https:\/\/tickitizi.com\/TIZ_Web\/augmentez-la-rentabilite\/","name":"Augmentez la rentabilit\u00e9 - TickitIzi.com","isPartOf":{"@id":"https:\/\/tickitizi.com\/TIZ_Web\/#website"},"primaryImageOfPage":{"@id":"https:\/\/tickitizi.com\/TIZ_Web\/augmentez-la-rentabilite\/#primaryimage"},"image":{"@id":"https:\/\/tickitizi.com\/TIZ_Web\/augmentez-la-rentabilite\/#primaryimage"},"thumbnailUrl":"https:\/\/tickitizi.com\/TIZ_Web\/wp-content\/uploads\/2026\/03\/Tiz_ecran_3-1.png","datePublished":"2026-03-16T22:37:08+00:00","dateModified":"2026-03-26T14:25:30+00:00","breadcrumb":{"@id":"https:\/\/tickitizi.com\/TIZ_Web\/augmentez-la-rentabilite\/#breadcrumb"},"inLanguage":"fr-FR","potentialAction":[{"@type":"ReadAction","target":["https:\/\/tickitizi.com\/TIZ_Web\/augmentez-la-rentabilite\/"]}]},{"@type":"ImageObject","inLanguage":"fr-FR","@id":"https:\/\/tickitizi.com\/TIZ_Web\/augmentez-la-rentabilite\/#primaryimage","url":"https:\/\/tickitizi.com\/TIZ_Web\/wp-content\/uploads\/2026\/03\/Tiz_ecran_3-1.png","contentUrl":"https:\/\/tickitizi.com\/TIZ_Web\/wp-content\/uploads\/2026\/03\/Tiz_ecran_3-1.png","width":432,"height":244},{"@type":"BreadcrumbList","@id":"https:\/\/tickitizi.com\/TIZ_Web\/augmentez-la-rentabilite\/#breadcrumb","itemListElement":[{"@type":"ListItem","position":1,"name":"Home","item":"https:\/\/tickitizi.com\/TIZ_Web\/"},{"@type":"ListItem","position":2,"name":"Augmentez la rentabilit\u00e9"}]},{"@type":"WebSite","@id":"https:\/\/tickitizi.com\/TIZ_Web\/#website","url":"https:\/\/tickitizi.com\/TIZ_Web\/","name":"TickitIzi.com","description":"Billeterie pour tous","publisher":{"@id":"https:\/\/tickitizi.com\/TIZ_Web\/#organization"},"potentialAction":[{"@type":"SearchAction","target":{"@type":"EntryPoint","urlTemplate":"https:\/\/tickitizi.com\/TIZ_Web\/?s={search_term_string}"},"query-input":{"@type":"PropertyValueSpecification","valueRequired":true,"valueName":"search_term_string"}}],"inLanguage":"fr-FR"},{"@type":"Organization","@id":"https:\/\/tickitizi.com\/TIZ_Web\/#organization","name":"TickitIzi.com","url":"https:\/\/tickitizi.com\/TIZ_Web\/","logo":{"@type":"ImageObject","inLanguage":"fr-FR","@id":"https:\/\/tickitizi.com\/TIZ_Web\/#\/schema\/logo\/image\/","url":"https:\/\/tickitizi.com\/TIZ_Web\/wp-content\/uploads\/2026\/03\/cropped-hd-512px-favico-tickitizi-180x180-1.png","contentUrl":"https:\/\/tickitizi.com\/TIZ_Web\/wp-content\/uploads\/2026\/03\/cropped-hd-512px-favico-tickitizi-180x180-1.png","width":180,"height":180,"caption":"TickitIzi.com"},"image":{"@id":"https:\/\/tickitizi.com\/TIZ_Web\/#\/schema\/logo\/image\/"}}]}},"_links":{"self":[{"href":"https:\/\/tickitizi.com\/TIZ_Web\/wp-json\/wp\/v2\/pages\/121","targetHints":{"allow":["GET"]}}],"collection":[{"href":"https:\/\/tickitizi.com\/TIZ_Web\/wp-json\/wp\/v2\/pages"}],"about":[{"href":"https:\/\/tickitizi.com\/TIZ_Web\/wp-json\/wp\/v2\/types\/page"}],"author":[{"embeddable":true,"href":"https:\/\/tickitizi.com\/TIZ_Web\/wp-json\/wp\/v2\/users\/1"}],"replies":[{"embeddable":true,"href":"https:\/\/tickitizi.com\/TIZ_Web\/wp-json\/wp\/v2\/comments?post=121"}],"version-history":[{"count":16,"href":"https:\/\/tickitizi.com\/TIZ_Web\/wp-json\/wp\/v2\/pages\/121\/revisions"}],"predecessor-version":[{"id":211,"href":"https:\/\/tickitizi.com\/TIZ_Web\/wp-json\/wp\/v2\/pages\/121\/revisions\/211"}],"wp:attachment":[{"href":"https:\/\/tickitizi.com\/TIZ_Web\/wp-json\/wp\/v2\/media?parent=121"}],"curies":[{"name":"wp","href":"https:\/\/api.w.org\/{rel}","templated":true}]}}