{"id":3,"date":"2025-09-05T10:30:40","date_gmt":"2025-09-05T08:30:40","guid":{"rendered":"https:\/\/tickitizi.com\/TIZ_Web\/?page_id=3"},"modified":"2026-03-20T10:59:37","modified_gmt":"2026-03-20T09:59:37","slug":"politique-de-confidentialite","status":"publish","type":"page","link":"https:\/\/tickitizi.com\/TIZ_Web\/politique-de-confidentialite\/","title":{"rendered":"Politique de confidentialit\u00e9"},"content":{"rendered":"\n<h2 class=\"wp-block-heading\">Qui sommes-nous&nbsp;?<\/h2>\n\n\n\n<p>L\u2019adresse de notre site est\u00a0: https:\/\/tickitizi.com<\/p>\n\n\n\n<h2 class=\"wp-block-heading\">M\u00e9dias<\/h2>\n\n\n\n<p>Si vous t\u00e9l\u00e9versez des images sur le site, nous vous conseillons d\u2019\u00e9viter de t\u00e9l\u00e9verser des images contenant des donn\u00e9es EXIF de coordonn\u00e9es GPS. Les personnes visitant votre site peuvent t\u00e9l\u00e9charger et extraire des donn\u00e9es de localisation depuis ces images.<\/p>\n\n\n\n<h2 class=\"wp-block-heading\">Cookies<\/h2>\n\n\n\n<p>Le site n&rsquo;active pas de cookies.<\/p>\n\n\n\n<h2 class=\"wp-block-heading\">Contenu embarqu\u00e9 depuis d\u2019autres sites<\/h2>\n\n\n\n<p>Les articles de ce site peuvent inclure des contenus int\u00e9gr\u00e9s (par exemple des vid\u00e9os, images, articles\u2026). Le contenu int\u00e9gr\u00e9 depuis d\u2019autres sites se comporte de la m\u00eame mani\u00e8re que si le visiteur se rendait sur cet autre site.<\/p>\n\n\n\n<p>Ces sites web pourraient collecter des donn\u00e9es sur vous, utiliser des cookies, embarquer des outils de suivis tiers, suivre vos interactions avec ces contenus embarqu\u00e9s si vous disposez d\u2019un compte connect\u00e9 sur leur site web.<\/p>\n\n\n\n<h2 class=\"wp-block-heading\">Utilisation et transmission de vos donn\u00e9es personnelles<\/h2>\n\n\n\n<p><strong class=\"privacy-policy-tutorial\"> <\/strong>Si vous demandez une r\u00e9initialisation de votre mot de passe, votre adresse IP sera incluse dans l\u2019e-mail de r\u00e9initialisation.<\/p>\n\n\n\n<h2 class=\"wp-block-heading\">Dur\u00e9es de stockage de vos donn\u00e9es<\/h2>\n\n\n\n<p>Pour les comptes qui s\u2019inscrivent sur notre site (le cas \u00e9ch\u00e9ant), nous stockons \u00e9galement les donn\u00e9es personnelles indiqu\u00e9es dans leur profil. Tous les comptes peuvent voir, modifier ou supprimer leurs informations personnelles \u00e0 tout moment (\u00e0 l\u2019exception de leur identifiant). Les gestionnaires du site peuvent aussi voir et modifier ces informations.<\/p>\n\n\n\n<h2 class=\"wp-block-heading\">Les droits que vous avez sur vos donn\u00e9es<\/h2>\n\n\n\n<p>Si vous avez un compte ou si vous avez laiss\u00e9 des commentaires sur le site, vous pouvez demander \u00e0 recevoir un fichier contenant toutes les donn\u00e9es personnelles que nous poss\u00e9dons \u00e0 votre sujet, incluant celles que vous nous avez fournies. Vous pouvez \u00e9galement demander la suppression des donn\u00e9es personnelles vous concernant. Cela ne prend pas en compte les donn\u00e9es stock\u00e9es \u00e0 des fins administratives, l\u00e9gales ou pour des raisons de s\u00e9curit\u00e9.<\/p>\n","protected":false},"excerpt":{"rendered":"<p>Qui sommes-nous&nbsp;? L\u2019adresse de notre site est\u00a0: https:\/\/tickitizi.com M\u00e9dias Si vous t\u00e9l\u00e9versez des images sur le site, nous vous conseillons d\u2019\u00e9viter de t\u00e9l\u00e9verser des images contenant des donn\u00e9es EXIF de coordonn\u00e9es GPS. Les personnes visitant votre site peuvent t\u00e9l\u00e9charger et extraire des donn\u00e9es de localisation depuis ces images. Cookies Le site n&rsquo;active pas de cookies. [&hellip;]<\/p>\n","protected":false},"author":1,"featured_media":0,"parent":0,"menu_order":0,"comment_status":"closed","ping_status":"open","template":"","meta":{"footnotes":""},"class_list":["post-3","page","type-page","status-publish","hentry"],"yoast_head":"<!-- This site is optimized with the Yoast SEO plugin v27.6 - https:\/\/yoast.com\/product\/yoast-seo-wordpress\/ -->\n<title>Politique de confidentialit\u00e9 - TickitIzi.com<\/title>\n<meta name=\"robots\" content=\"index, follow, max-snippet:-1, max-image-preview:large, max-video-preview:-1\" \/>\n<link rel=\"canonical\" href=\"https:\/\/tickitizi.com\/TIZ_Web\/politique-de-confidentialite\/\" \/>\n<meta property=\"og:locale\" content=\"fr_FR\" \/>\n<meta property=\"og:type\" content=\"article\" \/>\n<meta property=\"og:title\" content=\"Politique de confidentialit\u00e9 - TickitIzi.com\" \/>\n<meta property=\"og:description\" content=\"Qui sommes-nous&nbsp;? L\u2019adresse de notre site est\u00a0: https:\/\/tickitizi.com M\u00e9dias Si vous t\u00e9l\u00e9versez des images sur le site, nous vous conseillons d\u2019\u00e9viter de t\u00e9l\u00e9verser des images contenant des donn\u00e9es EXIF de coordonn\u00e9es GPS. Les personnes visitant votre site peuvent t\u00e9l\u00e9charger et extraire des donn\u00e9es de localisation depuis ces images. Cookies Le site n&rsquo;active pas de cookies. [&hellip;]\" \/>\n<meta property=\"og:url\" content=\"https:\/\/tickitizi.com\/TIZ_Web\/politique-de-confidentialite\/\" \/>\n<meta property=\"og:site_name\" content=\"TickitIzi.com\" \/>\n<meta property=\"article:modified_time\" content=\"2026-03-20T09:59:37+00:00\" \/>\n<meta name=\"twitter:card\" content=\"summary_large_image\" \/>\n<meta name=\"twitter:label1\" content=\"Dur\u00e9e de lecture estim\u00e9e\" \/>\n\t<meta name=\"twitter:data1\" content=\"2 minutes\" \/>\n<script type=\"application\/ld+json\" class=\"yoast-schema-graph\">{\"@context\":\"https:\\\/\\\/schema.org\",\"@graph\":[{\"@type\":\"WebPage\",\"@id\":\"https:\\\/\\\/tickitizi.com\\\/TIZ_Web\\\/politique-de-confidentialite\\\/\",\"url\":\"https:\\\/\\\/tickitizi.com\\\/TIZ_Web\\\/politique-de-confidentialite\\\/\",\"name\":\"Politique de confidentialit\u00e9 - TickitIzi.com\",\"isPartOf\":{\"@id\":\"https:\\\/\\\/tickitizi.com\\\/TIZ_Web\\\/#website\"},\"datePublished\":\"2025-09-05T08:30:40+00:00\",\"dateModified\":\"2026-03-20T09:59:37+00:00\",\"breadcrumb\":{\"@id\":\"https:\\\/\\\/tickitizi.com\\\/TIZ_Web\\\/politique-de-confidentialite\\\/#breadcrumb\"},\"inLanguage\":\"fr-FR\",\"potentialAction\":[{\"@type\":\"ReadAction\",\"target\":[\"https:\\\/\\\/tickitizi.com\\\/TIZ_Web\\\/politique-de-confidentialite\\\/\"]}]},{\"@type\":\"BreadcrumbList\",\"@id\":\"https:\\\/\\\/tickitizi.com\\\/TIZ_Web\\\/politique-de-confidentialite\\\/#breadcrumb\",\"itemListElement\":[{\"@type\":\"ListItem\",\"position\":1,\"name\":\"Home\",\"item\":\"https:\\\/\\\/tickitizi.com\\\/TIZ_Web\\\/\"},{\"@type\":\"ListItem\",\"position\":2,\"name\":\"Politique de confidentialit\u00e9\"}]},{\"@type\":\"WebSite\",\"@id\":\"https:\\\/\\\/tickitizi.com\\\/TIZ_Web\\\/#website\",\"url\":\"https:\\\/\\\/tickitizi.com\\\/TIZ_Web\\\/\",\"name\":\"TickitIzi.com\",\"description\":\"Billeterie pour tous\",\"publisher\":{\"@id\":\"https:\\\/\\\/tickitizi.com\\\/TIZ_Web\\\/#organization\"},\"potentialAction\":[{\"@type\":\"SearchAction\",\"target\":{\"@type\":\"EntryPoint\",\"urlTemplate\":\"https:\\\/\\\/tickitizi.com\\\/TIZ_Web\\\/?s={search_term_string}\"},\"query-input\":{\"@type\":\"PropertyValueSpecification\",\"valueRequired\":true,\"valueName\":\"search_term_string\"}}],\"inLanguage\":\"fr-FR\"},{\"@type\":\"Organization\",\"@id\":\"https:\\\/\\\/tickitizi.com\\\/TIZ_Web\\\/#organization\",\"name\":\"TickitIzi.com\",\"url\":\"https:\\\/\\\/tickitizi.com\\\/TIZ_Web\\\/\",\"logo\":{\"@type\":\"ImageObject\",\"inLanguage\":\"fr-FR\",\"@id\":\"https:\\\/\\\/tickitizi.com\\\/TIZ_Web\\\/#\\\/schema\\\/logo\\\/image\\\/\",\"url\":\"https:\\\/\\\/tickitizi.com\\\/TIZ_Web\\\/wp-content\\\/uploads\\\/2026\\\/03\\\/cropped-hd-512px-favico-tickitizi-180x180-1.png\",\"contentUrl\":\"https:\\\/\\\/tickitizi.com\\\/TIZ_Web\\\/wp-content\\\/uploads\\\/2026\\\/03\\\/cropped-hd-512px-favico-tickitizi-180x180-1.png\",\"width\":180,\"height\":180,\"caption\":\"TickitIzi.com\"},\"image\":{\"@id\":\"https:\\\/\\\/tickitizi.com\\\/TIZ_Web\\\/#\\\/schema\\\/logo\\\/image\\\/\"}}]}<\/script>\n<!-- \/ Yoast SEO plugin. -->","yoast_head_json":{"title":"Politique de confidentialit\u00e9 - TickitIzi.com","robots":{"index":"index","follow":"follow","max-snippet":"max-snippet:-1","max-image-preview":"max-image-preview:large","max-video-preview":"max-video-preview:-1"},"canonical":"https:\/\/tickitizi.com\/TIZ_Web\/politique-de-confidentialite\/","og_locale":"fr_FR","og_type":"article","og_title":"Politique de confidentialit\u00e9 - TickitIzi.com","og_description":"Qui sommes-nous&nbsp;? L\u2019adresse de notre site est\u00a0: https:\/\/tickitizi.com M\u00e9dias Si vous t\u00e9l\u00e9versez des images sur le site, nous vous conseillons d\u2019\u00e9viter de t\u00e9l\u00e9verser des images contenant des donn\u00e9es EXIF de coordonn\u00e9es GPS. Les personnes visitant votre site peuvent t\u00e9l\u00e9charger et extraire des donn\u00e9es de localisation depuis ces images. Cookies Le site n&rsquo;active pas de cookies. [&hellip;]","og_url":"https:\/\/tickitizi.com\/TIZ_Web\/politique-de-confidentialite\/","og_site_name":"TickitIzi.com","article_modified_time":"2026-03-20T09:59:37+00:00","twitter_card":"summary_large_image","twitter_misc":{"Dur\u00e9e de lecture estim\u00e9e":"2 minutes"},"schema":{"@context":"https:\/\/schema.org","@graph":[{"@type":"WebPage","@id":"https:\/\/tickitizi.com\/TIZ_Web\/politique-de-confidentialite\/","url":"https:\/\/tickitizi.com\/TIZ_Web\/politique-de-confidentialite\/","name":"Politique de confidentialit\u00e9 - TickitIzi.com","isPartOf":{"@id":"https:\/\/tickitizi.com\/TIZ_Web\/#website"},"datePublished":"2025-09-05T08:30:40+00:00","dateModified":"2026-03-20T09:59:37+00:00","breadcrumb":{"@id":"https:\/\/tickitizi.com\/TIZ_Web\/politique-de-confidentialite\/#breadcrumb"},"inLanguage":"fr-FR","potentialAction":[{"@type":"ReadAction","target":["https:\/\/tickitizi.com\/TIZ_Web\/politique-de-confidentialite\/"]}]},{"@type":"BreadcrumbList","@id":"https:\/\/tickitizi.com\/TIZ_Web\/politique-de-confidentialite\/#breadcrumb","itemListElement":[{"@type":"ListItem","position":1,"name":"Home","item":"https:\/\/tickitizi.com\/TIZ_Web\/"},{"@type":"ListItem","position":2,"name":"Politique de confidentialit\u00e9"}]},{"@type":"WebSite","@id":"https:\/\/tickitizi.com\/TIZ_Web\/#website","url":"https:\/\/tickitizi.com\/TIZ_Web\/","name":"TickitIzi.com","description":"Billeterie pour tous","publisher":{"@id":"https:\/\/tickitizi.com\/TIZ_Web\/#organization"},"potentialAction":[{"@type":"SearchAction","target":{"@type":"EntryPoint","urlTemplate":"https:\/\/tickitizi.com\/TIZ_Web\/?s={search_term_string}"},"query-input":{"@type":"PropertyValueSpecification","valueRequired":true,"valueName":"search_term_string"}}],"inLanguage":"fr-FR"},{"@type":"Organization","@id":"https:\/\/tickitizi.com\/TIZ_Web\/#organization","name":"TickitIzi.com","url":"https:\/\/tickitizi.com\/TIZ_Web\/","logo":{"@type":"ImageObject","inLanguage":"fr-FR","@id":"https:\/\/tickitizi.com\/TIZ_Web\/#\/schema\/logo\/image\/","url":"https:\/\/tickitizi.com\/TIZ_Web\/wp-content\/uploads\/2026\/03\/cropped-hd-512px-favico-tickitizi-180x180-1.png","contentUrl":"https:\/\/tickitizi.com\/TIZ_Web\/wp-content\/uploads\/2026\/03\/cropped-hd-512px-favico-tickitizi-180x180-1.png","width":180,"height":180,"caption":"TickitIzi.com"},"image":{"@id":"https:\/\/tickitizi.com\/TIZ_Web\/#\/schema\/logo\/image\/"}}]}},"_links":{"self":[{"href":"https:\/\/tickitizi.com\/TIZ_Web\/wp-json\/wp\/v2\/pages\/3","targetHints":{"allow":["GET"]}}],"collection":[{"href":"https:\/\/tickitizi.com\/TIZ_Web\/wp-json\/wp\/v2\/pages"}],"about":[{"href":"https:\/\/tickitizi.com\/TIZ_Web\/wp-json\/wp\/v2\/types\/page"}],"author":[{"embeddable":true,"href":"https:\/\/tickitizi.com\/TIZ_Web\/wp-json\/wp\/v2\/users\/1"}],"replies":[{"embeddable":true,"href":"https:\/\/tickitizi.com\/TIZ_Web\/wp-json\/wp\/v2\/comments?post=3"}],"version-history":[{"count":2,"href":"https:\/\/tickitizi.com\/TIZ_Web\/wp-json\/wp\/v2\/pages\/3\/revisions"}],"predecessor-version":[{"id":163,"href":"https:\/\/tickitizi.com\/TIZ_Web\/wp-json\/wp\/v2\/pages\/3\/revisions\/163"}],"wp:attachment":[{"href":"https:\/\/tickitizi.com\/TIZ_Web\/wp-json\/wp\/v2\/media?parent=3"}],"curies":[{"name":"wp","href":"https:\/\/api.w.org\/{rel}","templated":true}]}}